{"id":5800,"date":"2021-11-09T14:16:38","date_gmt":"2021-11-09T14:16:38","guid":{"rendered":"https:\/\/gmisrl.it\/?page_id=5800"},"modified":"2022-01-18T09:54:01","modified_gmt":"2022-01-18T09:54:01","slug":"taglio-al-plasma","status":"publish","type":"page","link":"https:\/\/gmisrl.it\/en\/cut-to-plasma\/","title":{"rendered":"Plasma cutting"},"content":{"rendered":"<div data-elementor-type=\"wp-page\" data-elementor-id=\"5800\" class=\"elementor elementor-5800\" data-elementor-settings=\"[]\">\n\t\t\t\t\t\t\t<div class=\"elementor-section-wrap\">\n\t\t\t\t\t\t\t<section class=\"elementor-section elementor-top-section elementor-element elementor-element-bbe54ae qodef-elementor-content-grid elementor-section-boxed elementor-section-height-default elementor-section-height-default\" data-id=\"bbe54ae\" data-element_type=\"section\">\n\t\t\t\t\t\t<div class=\"elementor-container elementor-column-gap-default\">\n\t\t\t\t\t<div class=\"elementor-column elementor-col-100 elementor-top-column elementor-element elementor-element-988f8da\" data-id=\"988f8da\" data-element_type=\"column\">\n\t\t\t<div class=\"elementor-widget-wrap elementor-element-populated\">\n\t\t\t\t\t\t\t\t<div class=\"elementor-element elementor-element-2c8e0ae elementor-widget elementor-widget-stal_core_section_title\" data-id=\"2c8e0ae\" data-element_type=\"widget\" data-widget_type=\"stal_core_section_title.default\">\n\t\t\t\t<div class=\"elementor-widget-container\">\n\t\t\t<div class=\"qodef-shortcode qodef-m  qodef-section-title qodef-alignment--left  qodef-title-with-tagline\">\n\t\t<div class=\"qodef-m-title-wrap\">\n\t        <h6 class=\"qodef-m-title-tagline\" >services<\/h6>\n    \t<h2 class=\"qodef-m-title\" >\n\t\t\t\t\tPlasma cutting\t\t\t<\/h2>\n\t\n\t<\/div>\n\t\t<p class=\"qodef-m-text\" >It consists of a high definition plasma cutting plant. with benches that can be 1000\u00d71000 mm, 1500\u00d71500 mm, 1000\u00d72000 mm in size. The cutting possibilities are slanted and cyanide cutting. It is a process used to cut all electrically conductive materials, including structural steels, through the use of a plasma torch.\nOperation is relatively simple as it consists of blowing gas at high speeds through a small nozzle. This gas, at the same time, establishes an electrode arc and the surface to be removed with a cut, thus converting the gas into plasma.\nSubsequently, the plasma emits heat and transfers it to the material, bringing it to a melting temperature and, as a result, splitting the continuity of the metal. <\/p>\n<\/div>\t\t<\/div>\n\t\t\t\t<\/div>\n\t\t\t\t<div class=\"elementor-element elementor-element-2bc6cf5 elementor-widget elementor-widget-qi_addons_for_elementor_image_gallery\" data-id=\"2bc6cf5\" data-element_type=\"widget\" data-widget_type=\"qi_addons_for_elementor_image_gallery.default\">\n\t\t\t\t<div class=\"elementor-widget-container\">\n\t\t\t<div class=\"qodef-shortcode qodef-m  qodef-qi-image-gallery qodef-qi-fslightbox-popup qodef-popup-gallery qodef-image--hover-zoom  qodef-qi-grid qodef-layout--qi-columns  qodef-col-num--1  qodef-responsive--predefined\">\n\t<div class=\"qodef-grid-inner qodef-qi-clear\">\n\t\t<div class=\"qodef-e qodef-image-wrapper qodef-grid-item\">\n\t<div class=\"qodef-e-inner\">\n\t\t\t\t\t<a class=\"qodef-popup-item\" itemprop=\"image\" href=\"https:\/\/gmisrl.it\/wp-content\/uploads\/2021\/11\/PARTICOLARE-MACCHINA-DA-TAGLIO-AL-PLASMA.jpg\" data-type=\"image\" data-fslightbox=\"gallery-72\">\n\t\t\t\t\t\t<img width=\"1646\" height=\"923\" src=\"https:\/\/gmisrl.it\/wp-content\/uploads\/2021\/11\/PARTICOLARE-MACCHINA-DA-TAGLIO-AL-PLASMA.jpg\" class=\"attachment-full size-full\" alt=\"GMI Plasma Machine\" decoding=\"async\" loading=\"lazy\" srcset=\"https:\/\/gmisrl.it\/wp-content\/uploads\/2021\/11\/PARTICOLARE-MACCHINA-DA-TAGLIO-AL-PLASMA.jpg 1646w, https:\/\/gmisrl.it\/wp-content\/uploads\/2021\/11\/PARTICOLARE-MACCHINA-DA-TAGLIO-AL-PLASMA-300x168.jpg 300w, https:\/\/gmisrl.it\/wp-content\/uploads\/2021\/11\/PARTICOLARE-MACCHINA-DA-TAGLIO-AL-PLASMA-1024x574.jpg 1024w, https:\/\/gmisrl.it\/wp-content\/uploads\/2021\/11\/PARTICOLARE-MACCHINA-DA-TAGLIO-AL-PLASMA-768x431.jpg 768w, https:\/\/gmisrl.it\/wp-content\/uploads\/2021\/11\/PARTICOLARE-MACCHINA-DA-TAGLIO-AL-PLASMA-1536x861.jpg 1536w, https:\/\/gmisrl.it\/wp-content\/uploads\/2021\/11\/PARTICOLARE-MACCHINA-DA-TAGLIO-AL-PLASMA-600x336.jpg 600w\" sizes=\"(max-width: 1646px) 100vw, 1646px\" \/>\t\t\t\t\t<\/a>\n\t\t\t<\/div>\n<\/div>\n\t<\/div>\n<\/div>\n\t\t<\/div>\n\t\t\t\t<\/div>\n\t\t\t\t\t<\/div>\n\t\t<\/div>\n\t\t\t\t\t\t\t<\/div>\n\t\t<\/section>\n\t\t\t\t<section class=\"elementor-section elementor-top-section elementor-element elementor-element-c452b0d elementor-section-boxed elementor-section-height-default elementor-section-height-default qodef-elementor-content-no\" data-id=\"c452b0d\" data-element_type=\"section\">\n\t\t\t\t\t\t<div class=\"elementor-container elementor-column-gap-default\">\n\t\t\t\t\t<div class=\"elementor-column elementor-col-100 elementor-top-column elementor-element elementor-element-fcc3e4c\" data-id=\"fcc3e4c\" data-element_type=\"column\">\n\t\t\t<div class=\"elementor-widget-wrap elementor-element-populated\">\n\t\t\t\t\t\t\t\t<div class=\"elementor-element elementor-element-9f4cb12 elementor-widget elementor-widget-qi_addons_for_elementor_button\" data-id=\"9f4cb12\" data-element_type=\"widget\" data-widget_type=\"qi_addons_for_elementor_button.default\">\n\t\t\t\t<div class=\"elementor-widget-container\">\n\t\t\t<a class=\"qodef-shortcode qodef-m  qodef-qi-button qodef-html--link qodef-layout--filled qodef-type--standard   qodef-icon--left\" href=\"https:\/\/gmisrl.it\/en\/services\/\" target=\"_self\">\n\t<span class=\"qodef-m-text\">Back to services<\/span>\n\t\t<span class=\"qodef-m-icon qodef--icon-color-set\">\n\t\t<span class=\"qodef-m-icon-inner\">\n\t\t\t<i aria-hidden=\"true\" class=\"fas fa-arrow-left\"><\/i>\t\t\t\t\t<\/span>\n\t<\/span>\n<\/a>\n\t\t<\/div>\n\t\t\t\t<\/div>\n\t\t\t\t\t<\/div>\n\t\t<\/div>\n\t\t\t\t\t\t\t<\/div>\n\t\t<\/section>\n\t\t\t\t\t\t<\/div>\n\t\t\t\t\t<\/div>","protected":false},"excerpt":{"rendered":"<p>plasma cutting services Consists of a high definition plasma cutting plant. with benches that can be 1000\u00d71000 mm, 1500\u00d71500 mm, 1000\u00d72000 mm in size. The cutting possibilities are slanted and with the realisation of swivels. It is a process used to cut all electrically conductive materials, including structural steels, [...].<\/p>","protected":false},"author":2,"featured_media":0,"parent":0,"menu_order":0,"comment_status":"closed","ping_status":"closed","template":"","meta":[],"yoast_head":"<!-- This site is optimized with the Yoast SEO plugin v20.12 - https:\/\/yoast.com\/wordpress\/plugins\/seo\/ -->\n<title>Taglio al plasma - GMI<\/title>\n<meta name=\"robots\" content=\"index, follow, max-snippet:-1, max-image-preview:large, max-video-preview:-1\" \/>\n<link rel=\"canonical\" href=\"https:\/\/gmisrl.it\/en\/cut-to-plasma\/\" \/>\n<meta property=\"og:locale\" content=\"en_GB\" \/>\n<meta property=\"og:type\" content=\"article\" \/>\n<meta property=\"og:title\" content=\"Taglio al plasma - GMI\" \/>\n<meta property=\"og:description\" content=\"servizi Taglio al plasma Consiste in un impianto di taglio al plasma ad alta definizione. con banchi che possono avere dimensioni di 1000\u00d71000 mm, 1500\u00d71500 mm, 1000\u00d72000 mm. Le possibilit\u00e0 di taglio sono inclinato e a realizzazione di cianfrini. \u00c9 un procedimento utilizzato per tagliare tutti i materiali conduttori di elettricit\u00e0, compresi gli acciai strutturali, [&hellip;]\" \/>\n<meta property=\"og:url\" content=\"https:\/\/gmisrl.it\/en\/cut-to-plasma\/\" \/>\n<meta property=\"og:site_name\" content=\"GMI\" \/>\n<meta property=\"article:modified_time\" content=\"2022-01-18T09:54:01+00:00\" \/>\n<meta property=\"og:image\" content=\"https:\/\/gmisrl.it\/wp-content\/uploads\/2021\/11\/PARTICOLARE-MACCHINA-DA-TAGLIO-AL-PLASMA.jpg\" \/>\n<meta name=\"twitter:card\" content=\"summary_large_image\" \/>\n<meta name=\"twitter:label1\" content=\"Estimated reading time\" \/>\n\t<meta name=\"twitter:data1\" content=\"1 minute\" \/>\n<script type=\"application\/ld+json\" class=\"yoast-schema-graph\">{\"@context\":\"https:\/\/schema.org\",\"@graph\":[{\"@type\":\"WebPage\",\"@id\":\"https:\/\/gmisrl.it\/taglio-al-plasma\/\",\"url\":\"https:\/\/gmisrl.it\/taglio-al-plasma\/\",\"name\":\"Taglio al plasma - GMI\",\"isPartOf\":{\"@id\":\"https:\/\/gmisrl.it\/#website\"},\"datePublished\":\"2021-11-09T14:16:38+00:00\",\"dateModified\":\"2022-01-18T09:54:01+00:00\",\"breadcrumb\":{\"@id\":\"https:\/\/gmisrl.it\/taglio-al-plasma\/#breadcrumb\"},\"inLanguage\":\"en-GB\",\"potentialAction\":[{\"@type\":\"ReadAction\",\"target\":[\"https:\/\/gmisrl.it\/taglio-al-plasma\/\"]}]},{\"@type\":\"BreadcrumbList\",\"@id\":\"https:\/\/gmisrl.it\/taglio-al-plasma\/#breadcrumb\",\"itemListElement\":[{\"@type\":\"ListItem\",\"position\":1,\"name\":\"Home\",\"item\":\"https:\/\/gmisrl.it\/\"},{\"@type\":\"ListItem\",\"position\":2,\"name\":\"Taglio al plasma\"}]},{\"@type\":\"WebSite\",\"@id\":\"https:\/\/gmisrl.it\/#website\",\"url\":\"https:\/\/gmisrl.it\/\",\"name\":\"GMI\",\"description\":\"L&#039;amore per l&#039;acciaio che da vita al Made in Italy\",\"potentialAction\":[{\"@type\":\"SearchAction\",\"target\":{\"@type\":\"EntryPoint\",\"urlTemplate\":\"https:\/\/gmisrl.it\/?s={search_term_string}\"},\"query-input\":\"required name=search_term_string\"}],\"inLanguage\":\"en-GB\"}]}<\/script>\n<!-- \/ Yoast SEO plugin. -->","yoast_head_json":{"title":"Taglio al plasma - GMI","robots":{"index":"index","follow":"follow","max-snippet":"max-snippet:-1","max-image-preview":"max-image-preview:large","max-video-preview":"max-video-preview:-1"},"canonical":"https:\/\/gmisrl.it\/en\/cut-to-plasma\/","og_locale":"en_GB","og_type":"article","og_title":"Taglio al plasma - GMI","og_description":"servizi Taglio al plasma Consiste in un impianto di taglio al plasma ad alta definizione. con banchi che possono avere dimensioni di 1000\u00d71000 mm, 1500\u00d71500 mm, 1000\u00d72000 mm. Le possibilit\u00e0 di taglio sono inclinato e a realizzazione di cianfrini. \u00c9 un procedimento utilizzato per tagliare tutti i materiali conduttori di elettricit\u00e0, compresi gli acciai strutturali, [&hellip;]","og_url":"https:\/\/gmisrl.it\/en\/cut-to-plasma\/","og_site_name":"GMI","article_modified_time":"2022-01-18T09:54:01+00:00","og_image":[{"url":"https:\/\/gmisrl.it\/wp-content\/uploads\/2021\/11\/PARTICOLARE-MACCHINA-DA-TAGLIO-AL-PLASMA.jpg"}],"twitter_card":"summary_large_image","twitter_misc":{"Estimated reading time":"1 minute"},"schema":{"@context":"https:\/\/schema.org","@graph":[{"@type":"WebPage","@id":"https:\/\/gmisrl.it\/taglio-al-plasma\/","url":"https:\/\/gmisrl.it\/taglio-al-plasma\/","name":"Taglio al plasma - GMI","isPartOf":{"@id":"https:\/\/gmisrl.it\/#website"},"datePublished":"2021-11-09T14:16:38+00:00","dateModified":"2022-01-18T09:54:01+00:00","breadcrumb":{"@id":"https:\/\/gmisrl.it\/taglio-al-plasma\/#breadcrumb"},"inLanguage":"en-GB","potentialAction":[{"@type":"ReadAction","target":["https:\/\/gmisrl.it\/taglio-al-plasma\/"]}]},{"@type":"BreadcrumbList","@id":"https:\/\/gmisrl.it\/taglio-al-plasma\/#breadcrumb","itemListElement":[{"@type":"ListItem","position":1,"name":"Home","item":"https:\/\/gmisrl.it\/"},{"@type":"ListItem","position":2,"name":"Taglio al plasma"}]},{"@type":"WebSite","@id":"https:\/\/gmisrl.it\/#website","url":"https:\/\/gmisrl.it\/","name":"GMI","description":"L&#039;amore per l&#039;acciaio che da vita al Made in Italy","potentialAction":[{"@type":"SearchAction","target":{"@type":"EntryPoint","urlTemplate":"https:\/\/gmisrl.it\/?s={search_term_string}"},"query-input":"required name=search_term_string"}],"inLanguage":"en-GB"}]}},"_links":{"self":[{"href":"https:\/\/gmisrl.it\/en\/wp-json\/wp\/v2\/pages\/5800"}],"collection":[{"href":"https:\/\/gmisrl.it\/en\/wp-json\/wp\/v2\/pages"}],"about":[{"href":"https:\/\/gmisrl.it\/en\/wp-json\/wp\/v2\/types\/page"}],"author":[{"embeddable":true,"href":"https:\/\/gmisrl.it\/en\/wp-json\/wp\/v2\/users\/2"}],"replies":[{"embeddable":true,"href":"https:\/\/gmisrl.it\/en\/wp-json\/wp\/v2\/comments?post=5800"}],"version-history":[{"count":26,"href":"https:\/\/gmisrl.it\/en\/wp-json\/wp\/v2\/pages\/5800\/revisions"}],"predecessor-version":[{"id":6910,"href":"https:\/\/gmisrl.it\/en\/wp-json\/wp\/v2\/pages\/5800\/revisions\/6910"}],"wp:attachment":[{"href":"https:\/\/gmisrl.it\/en\/wp-json\/wp\/v2\/media?parent=5800"}],"curies":[{"name":"wp","href":"https:\/\/api.w.org\/{rel}","templated":true}]}}